{"id":389,"date":"2024-01-31T10:19:04","date_gmt":"2024-01-31T10:19:04","guid":{"rendered":"https:\/\/smellit.local\/contact\/"},"modified":"2025-09-01T15:10:33","modified_gmt":"2025-09-01T15:10:33","slug":"contact","status":"publish","type":"page","link":"https:\/\/www.smellit.net\/fr\/contact\/","title":{"rendered":"Contact"},"content":{"rendered":"\t\t<div data-elementor-type=\"wp-page\" data-elementor-id=\"389\" class=\"elementor elementor-389 elementor-205\" data-elementor-post-type=\"page\">\n\t\t\t\t<div class=\"elementor-element elementor-element-3d4c6d8d e-con-full e-flex e-con e-parent\" data-id=\"3d4c6d8d\" data-element_type=\"container\">\n\t\t<div class=\"elementor-element elementor-element-3250dfa4 e-con-full e-flex e-con e-child\" data-id=\"3250dfa4\" data-element_type=\"container\" data-settings=\"{&quot;background_background&quot;:&quot;classic&quot;}\">\n\t\t<div class=\"elementor-element elementor-element-445390cd e-flex e-con-boxed e-con e-child\" data-id=\"445390cd\" data-element_type=\"container\">\n\t\t\t\t\t<div class=\"e-con-inner\">\n\t\t\t\t<div class=\"elementor-element elementor-element-7eb2c999 elementor-widget elementor-widget-heading\" data-id=\"7eb2c999\" data-element_type=\"widget\" data-widget_type=\"heading.default\">\n\t\t\t\t<div class=\"elementor-widget-container\">\n\t\t\t\t\t<h1 class=\"elementor-heading-title elementor-size-default\">Nous contacter<\/h1>\t\t\t\t<\/div>\n\t\t\t\t<\/div>\n\t\t\t\t<div class=\"elementor-element elementor-element-1dbdcce5 elementor-widget elementor-widget-text-editor\" data-id=\"1dbdcce5\" data-element_type=\"widget\" data-widget_type=\"text-editor.default\">\n\t\t\t\t<div class=\"elementor-widget-container\">\n\t\t\t\t\t\t\t\t\t<p>Nous serions ravis de discuter avec vous.<br \/>N&rsquo;h\u00e9sitez pas \u00e0 nous contacter en utilisant les coordonn\u00e9es ci-dessous.<\/p>\n\t\t\t\t\t\t\t\t<\/div>\n\t\t\t\t<\/div>\n\t\t\t\t\t<\/div>\n\t\t\t\t<\/div>\n\t\t\t\t<\/div>\n\t\t<div class=\"elementor-element elementor-element-7c52b9a e-con-full e-flex e-con e-child\" data-id=\"7c52b9a\" data-element_type=\"container\">\n\t\t\t\t<div class=\"elementor-element elementor-element-d1ca47a elementor-widget elementor-widget-text-editor\" data-id=\"d1ca47a\" data-element_type=\"widget\" data-widget_type=\"text-editor.default\">\n\t\t\t\t<div class=\"elementor-widget-container\">\n\t\t\t\t\t\t\t\t\t<p>Remplissez le formulaire ci-dessous et nous vous contacterons dans les plus brefs d\u00e9lais !<\/p>\t\t\t\t\t\t\t\t<\/div>\n\t\t\t\t<\/div>\n\t\t\t\t<div class=\"elementor-element elementor-element-45b8482 elementor-widget elementor-widget-html\" data-id=\"45b8482\" data-element_type=\"widget\" data-widget_type=\"html.default\">\n\t\t\t\t<div class=\"elementor-widget-container\">\n\t\t\t\t\t<iframe width=\"100%\" height=\"457\" allowTransparency=\"true\" frameborder=\"0\" scrolling=\"no\" style=\"border:none\" src=\"https:\/\/www.emailmeform.com\/builder\/embed\/k4e2t30J2cbY14eEDB3V7y\" allow=\"camera\"><a href=\"https:\/\/www.emailmeform.com\/builder\/embed\/k4e2t30J2cbY14eEDB3V7y\">Fill out form.<\/a><\/iframe>\t\t\t\t<\/div>\n\t\t\t\t<\/div>\n\t\t\t\t<\/div>\n\t\t\t\t<\/div>\n\t\t\t\t<\/div>\n\t\t","protected":false},"excerpt":{"rendered":"<p>Nous contacter Nous serions ravis de discuter avec vous.N&rsquo;h\u00e9sitez pas \u00e0 nous contacter en utilisant les coordonn\u00e9es ci-dessous. Remplissez le formulaire ci-dessous et nous vous contacterons dans les plus brefs d\u00e9lais ! Fill out form.<\/p>\n","protected":false},"author":1,"featured_media":0,"parent":0,"menu_order":0,"comment_status":"closed","ping_status":"closed","template":"","meta":{"_acf_changed":false,"footnotes":""},"class_list":["post-389","page","type-page","status-publish","hentry"],"acf":[],"yoast_head":"<!-- This site is optimized with the Yoast SEO plugin v24.9 - https:\/\/yoast.com\/wordpress\/plugins\/seo\/ -->\n<title>Contact - Smellit<\/title>\n<meta name=\"robots\" content=\"index, follow, max-snippet:-1, max-image-preview:large, max-video-preview:-1\" \/>\n<link rel=\"canonical\" href=\"https:\/\/www.smellit.net\/fr\/contact\/\" \/>\n<meta property=\"og:locale\" content=\"fr_FR\" \/>\n<meta property=\"og:type\" content=\"article\" \/>\n<meta property=\"og:title\" content=\"Contact - Smellit\" \/>\n<meta property=\"og:description\" content=\"Nous contacter Nous serions ravis de discuter avec vous.N&rsquo;h\u00e9sitez pas \u00e0 nous contacter en utilisant les coordonn\u00e9es ci-dessous. Remplissez le formulaire ci-dessous et nous vous contacterons dans les plus brefs d\u00e9lais ! Fill out form.\" \/>\n<meta property=\"og:url\" content=\"https:\/\/www.smellit.net\/fr\/contact\/\" \/>\n<meta property=\"og:site_name\" content=\"Smellit\" \/>\n<meta property=\"article:modified_time\" content=\"2025-09-01T15:10:33+00:00\" \/>\n<meta name=\"twitter:card\" content=\"summary_large_image\" \/>\n<meta name=\"twitter:label1\" content=\"Dur\u00e9e de lecture estim\u00e9e\" \/>\n\t<meta name=\"twitter:data1\" content=\"1 minute\" \/>\n<script type=\"application\/ld+json\" class=\"yoast-schema-graph\">{\"@context\":\"https:\/\/schema.org\",\"@graph\":[{\"@type\":\"WebPage\",\"@id\":\"https:\/\/www.smellit.net\/fr\/contact\/\",\"url\":\"https:\/\/www.smellit.net\/fr\/contact\/\",\"name\":\"Contact - Smellit\",\"isPartOf\":{\"@id\":\"https:\/\/www.smellit.net\/fr\/#website\"},\"datePublished\":\"2024-01-31T10:19:04+00:00\",\"dateModified\":\"2025-09-01T15:10:33+00:00\",\"breadcrumb\":{\"@id\":\"https:\/\/www.smellit.net\/fr\/contact\/#breadcrumb\"},\"inLanguage\":\"fr-FR\",\"potentialAction\":[{\"@type\":\"ReadAction\",\"target\":[\"https:\/\/www.smellit.net\/fr\/contact\/\"]}]},{\"@type\":\"BreadcrumbList\",\"@id\":\"https:\/\/www.smellit.net\/fr\/contact\/#breadcrumb\",\"itemListElement\":[{\"@type\":\"ListItem\",\"position\":1,\"name\":\"Home\",\"item\":\"https:\/\/www.smellit.net\/fr\/\"},{\"@type\":\"ListItem\",\"position\":2,\"name\":\"Contact\"}]},{\"@type\":\"WebSite\",\"@id\":\"https:\/\/www.smellit.net\/fr\/#website\",\"url\":\"https:\/\/www.smellit.net\/fr\/\",\"name\":\"Smellit\",\"description\":\"Votre espace de d\u00e9couverte et de partage des odeurs\",\"potentialAction\":[{\"@type\":\"SearchAction\",\"target\":{\"@type\":\"EntryPoint\",\"urlTemplate\":\"https:\/\/www.smellit.net\/fr\/?s={search_term_string}\"},\"query-input\":{\"@type\":\"PropertyValueSpecification\",\"valueRequired\":true,\"valueName\":\"search_term_string\"}}],\"inLanguage\":\"fr-FR\"}]}<\/script>\n<!-- \/ Yoast SEO plugin. -->","yoast_head_json":{"title":"Contact - Smellit","robots":{"index":"index","follow":"follow","max-snippet":"max-snippet:-1","max-image-preview":"max-image-preview:large","max-video-preview":"max-video-preview:-1"},"canonical":"https:\/\/www.smellit.net\/fr\/contact\/","og_locale":"fr_FR","og_type":"article","og_title":"Contact - Smellit","og_description":"Nous contacter Nous serions ravis de discuter avec vous.N&rsquo;h\u00e9sitez pas \u00e0 nous contacter en utilisant les coordonn\u00e9es ci-dessous. Remplissez le formulaire ci-dessous et nous vous contacterons dans les plus brefs d\u00e9lais ! Fill out form.","og_url":"https:\/\/www.smellit.net\/fr\/contact\/","og_site_name":"Smellit","article_modified_time":"2025-09-01T15:10:33+00:00","twitter_card":"summary_large_image","twitter_misc":{"Dur\u00e9e de lecture estim\u00e9e":"1 minute"},"schema":{"@context":"https:\/\/schema.org","@graph":[{"@type":"WebPage","@id":"https:\/\/www.smellit.net\/fr\/contact\/","url":"https:\/\/www.smellit.net\/fr\/contact\/","name":"Contact - Smellit","isPartOf":{"@id":"https:\/\/www.smellit.net\/fr\/#website"},"datePublished":"2024-01-31T10:19:04+00:00","dateModified":"2025-09-01T15:10:33+00:00","breadcrumb":{"@id":"https:\/\/www.smellit.net\/fr\/contact\/#breadcrumb"},"inLanguage":"fr-FR","potentialAction":[{"@type":"ReadAction","target":["https:\/\/www.smellit.net\/fr\/contact\/"]}]},{"@type":"BreadcrumbList","@id":"https:\/\/www.smellit.net\/fr\/contact\/#breadcrumb","itemListElement":[{"@type":"ListItem","position":1,"name":"Home","item":"https:\/\/www.smellit.net\/fr\/"},{"@type":"ListItem","position":2,"name":"Contact"}]},{"@type":"WebSite","@id":"https:\/\/www.smellit.net\/fr\/#website","url":"https:\/\/www.smellit.net\/fr\/","name":"Smellit","description":"Votre espace de d\u00e9couverte et de partage des odeurs","potentialAction":[{"@type":"SearchAction","target":{"@type":"EntryPoint","urlTemplate":"https:\/\/www.smellit.net\/fr\/?s={search_term_string}"},"query-input":{"@type":"PropertyValueSpecification","valueRequired":true,"valueName":"search_term_string"}}],"inLanguage":"fr-FR"}]}},"_links":{"self":[{"href":"https:\/\/www.smellit.net\/fr\/wp-json\/wp\/v2\/pages\/389","targetHints":{"allow":["GET"]}}],"collection":[{"href":"https:\/\/www.smellit.net\/fr\/wp-json\/wp\/v2\/pages"}],"about":[{"href":"https:\/\/www.smellit.net\/fr\/wp-json\/wp\/v2\/types\/page"}],"author":[{"embeddable":true,"href":"https:\/\/www.smellit.net\/fr\/wp-json\/wp\/v2\/users\/1"}],"replies":[{"embeddable":true,"href":"https:\/\/www.smellit.net\/fr\/wp-json\/wp\/v2\/comments?post=389"}],"version-history":[{"count":11,"href":"https:\/\/www.smellit.net\/fr\/wp-json\/wp\/v2\/pages\/389\/revisions"}],"predecessor-version":[{"id":1171,"href":"https:\/\/www.smellit.net\/fr\/wp-json\/wp\/v2\/pages\/389\/revisions\/1171"}],"wp:attachment":[{"href":"https:\/\/www.smellit.net\/fr\/wp-json\/wp\/v2\/media?parent=389"}],"curies":[{"name":"wp","href":"https:\/\/api.w.org\/{rel}","templated":true}]}}